{"id":3579,"date":"2021-12-24T02:20:13","date_gmt":"2021-12-24T00:20:13","guid":{"rendered":"https:\/\/monpetit.co.il\/fr\/?post_type=product&#038;p=3579"},"modified":"2025-08-31T17:24:28","modified_gmt":"2025-08-31T14:24:28","slug":"matelas-de-poussete-2","status":"publish","type":"product","link":"https:\/\/monpetit.co.il\/fr\/shop\/matelas-de-poussete-2\/","title":{"rendered":"MATELAS DE POUSSETTE R\u00c9VERSIBLE"},"content":{"rendered":"<p dir=\"ltr\">La Collection<strong> Sur-Mesure BabyLange<\/strong>,<br \/>\nc\u2019est une large gamme d\u2019accessoires personnalisables \u00e0 l\u2019infini.<\/p>\n<p dir=\"ltr\">Nous les brodons sur demande dans notre Atelier de cr\u00e9ation situ\u00e9 \u00e0 Paris.<br \/>\nMot inspirant, pr\u00e9nom ou surnom, laissez libre cours <strong>\u00e0 votre imagination !<\/strong><\/p>\n<p dir=\"ltr\"><strong>Le matelas est r\u00e9versible,<\/strong>\u00a0le c\u00f4t\u00e9 coton \u2013 dans une vari\u00e9t\u00e9 de types de tissus et de motifs, et l\u2019autre c\u00f4t\u00e9 est un tissu doux,<br \/>\nqui permet de maintenir l\u2019\u00e9quilibre d\u2019humidit\u00e9 dans la poussette et est tr\u00e8s n\u00e9cessaire pour l\u2019\u00e9t\u00e9.<\/p>\n<p dir=\"ltr\">En effet, il\u00a0<strong>limite les chocs<\/strong>\u00a0les plus importants et offre \u00e0 votre enfant une base de qualit\u00e9, confortable et agr\u00e9able,<br \/>\ngr\u00e2ce au rembourrage \u00e9pais de notre matelas.<\/p>\n<p dir=\"ltr\">Babylange assure qu\u2019un matelas de poussette n\u2019est pas seulement un produit important pour le confort de la poussette,<br \/>\nMais aussi un article \u00e0 la mode, qui est juste amusant \u00e0 regarder.<\/p>\n<p dir=\"ltr\">La matelas est lavable en machine, \u00e0 40\u00b0C, en retirant la partie en bois qui est dans la glissi\u00e8re.<\/p>\n<p dir=\"ltr\"><strong>Dimensions (longueur x largeur) :<\/strong><br \/>\n72 x 35 cm + 3 cm de fronces tout autour du matelas. 4 cm d\u2019\u00e9paisseur.<\/p>\n","protected":false},"excerpt":{"rendered":"<div style=\"width: 800px;\" class=\"wp-video\"><!--[if lt IE 9]><script>document.createElement('video');<\/script><![endif]-->\n<video class=\"wp-video-shortcode\" id=\"video-3579-1\" width=\"800\" height=\"598\" poster=\"https:\/\/monpetit.co.il\/fr\/wp-content\/uploads\/2021\/10\/Screenshot-2021-12-06-131552.png\" preload=\"metadata\" controls=\"controls\"><source type=\"video\/mp4\" src=\"https:\/\/monpetit.co.il\/fr\/wp-content\/uploads\/2021\/10\/VIDEO_MATELAS.mp4?_=1\" \/><a href=\"https:\/\/monpetit.co.il\/fr\/wp-content\/uploads\/2021\/10\/VIDEO_MATELAS.mp4\">https:\/\/monpetit.co.il\/fr\/wp-content\/uploads\/2021\/10\/VIDEO_MATELAS.mp4<\/a><\/video><\/div>\n","protected":false},"featured_media":3899,"comment_status":"open","ping_status":"closed","template":"","meta":[],"product_cat":[18],"product_tag":[],"yoast_head":"<!-- This site is optimized with the Yoast SEO plugin v17.7.1 - https:\/\/yoast.com\/wordpress\/plugins\/seo\/ -->\n<title>MATELAS DE POUSSETTE - Babylange Paris en Israel | Mon Petit Israel<\/title>\n<meta name=\"description\" content=\"Le MATELAS DE POUSSETTE BabyLange est une solution deux-en-un con\u00e7ue pour vous faciliter la vie, vous ne manquez jamais de rien\" \/>\n<meta name=\"robots\" content=\"index, follow, max-snippet:-1, max-image-preview:large, max-video-preview:-1\" \/>\n<link rel=\"canonical\" href=\"https:\/\/monpetit.co.il\/fr\/shop\/matelas-de-poussete-2\/\" \/>\n<meta property=\"og:locale\" content=\"fr_FR\" \/>\n<meta property=\"og:type\" content=\"article\" \/>\n<meta property=\"og:title\" content=\"MATELAS DE POUSSETTE - Babylange Paris en Israel | Mon Petit Israel\" \/>\n<meta property=\"og:description\" content=\"Le MATELAS DE POUSSETTE BabyLange est une solution deux-en-un con\u00e7ue pour vous faciliter la vie, vous ne manquez jamais de rien\" \/>\n<meta property=\"og:url\" content=\"https:\/\/monpetit.co.il\/fr\/shop\/matelas-de-poussete-2\/\" \/>\n<meta property=\"og:site_name\" content=\"Mon Petit Israel\" \/>\n<meta property=\"article:publisher\" content=\"https:\/\/www.facebook.com\/babybagboutiqe\/\" \/>\n<meta property=\"article:modified_time\" content=\"2025-08-31T14:24:28+00:00\" \/>\n<meta property=\"og:image\" content=\"https:\/\/monpetit.co.il\/fr\/wp-content\/uploads\/2021\/12\/tdbw.jpg\" \/>\n\t<meta property=\"og:image:width\" content=\"1464\" \/>\n\t<meta property=\"og:image:height\" content=\"1464\" \/>\n<meta name=\"twitter:card\" content=\"summary_large_image\" \/>\n<meta name=\"twitter:label1\" content=\"Dur\u00e9e de lecture estim\u00e9e\" \/>\n\t<meta name=\"twitter:data1\" content=\"1 minute\" \/>\n<script type=\"application\/ld+json\" class=\"yoast-schema-graph\">{\"@context\":\"https:\/\/schema.org\",\"@graph\":[{\"@type\":\"Organization\",\"@id\":\"https:\/\/monpetit.co.il\/fr\/#organization\",\"name\":\"Mon Petit - \\u05de\\u05d5\\u05df \\u05e4\\u05d8\\u05d9\\u05d8 \\u05d9\\u05e9\\u05e8\\u05d0\\u05dc\",\"url\":\"https:\/\/monpetit.co.il\/fr\/\",\"sameAs\":[\"https:\/\/www.facebook.com\/babybagboutiqe\/\"],\"logo\":{\"@type\":\"ImageObject\",\"@id\":\"https:\/\/monpetit.co.il\/fr\/#logo\",\"inLanguage\":\"fr-FR\",\"url\":\"\",\"contentUrl\":\"\",\"caption\":\"Mon Petit - \\u05de\\u05d5\\u05df \\u05e4\\u05d8\\u05d9\\u05d8 \\u05d9\\u05e9\\u05e8\\u05d0\\u05dc\"},\"image\":{\"@id\":\"https:\/\/monpetit.co.il\/fr\/#logo\"}},{\"@type\":\"WebSite\",\"@id\":\"https:\/\/monpetit.co.il\/fr\/#website\",\"url\":\"https:\/\/monpetit.co.il\/fr\/\",\"name\":\"Mon Petit Israel\",\"description\":\"Revendeur de babylange en Isra&euml;l\",\"publisher\":{\"@id\":\"https:\/\/monpetit.co.il\/fr\/#organization\"},\"potentialAction\":[{\"@type\":\"SearchAction\",\"target\":{\"@type\":\"EntryPoint\",\"urlTemplate\":\"https:\/\/monpetit.co.il\/fr\/?s={search_term_string}\"},\"query-input\":\"required name=search_term_string\"}],\"inLanguage\":\"fr-FR\"},{\"@type\":\"ImageObject\",\"@id\":\"https:\/\/monpetit.co.il\/fr\/shop\/matelas-de-poussete-2\/#primaryimage\",\"inLanguage\":\"fr-FR\",\"url\":\"https:\/\/monpetit.co.il\/fr\/wp-content\/uploads\/2021\/12\/tdbw.jpg\",\"contentUrl\":\"https:\/\/monpetit.co.il\/fr\/wp-content\/uploads\/2021\/12\/tdbw.jpg\",\"width\":1464,\"height\":1464},{\"@type\":\"WebPage\",\"@id\":\"https:\/\/monpetit.co.il\/fr\/shop\/matelas-de-poussete-2\/#webpage\",\"url\":\"https:\/\/monpetit.co.il\/fr\/shop\/matelas-de-poussete-2\/\",\"name\":\"MATELAS DE POUSSETTE - Babylange Paris en Israel | Mon Petit Israel\",\"isPartOf\":{\"@id\":\"https:\/\/monpetit.co.il\/fr\/#website\"},\"primaryImageOfPage\":{\"@id\":\"https:\/\/monpetit.co.il\/fr\/shop\/matelas-de-poussete-2\/#primaryimage\"},\"datePublished\":\"2021-12-24T00:20:13+00:00\",\"dateModified\":\"2025-08-31T14:24:28+00:00\",\"description\":\"Le MATELAS DE POUSSETTE BabyLange est une solution deux-en-un con\\u00e7ue pour vous faciliter la vie, vous ne manquez jamais de rien\",\"breadcrumb\":{\"@id\":\"https:\/\/monpetit.co.il\/fr\/shop\/matelas-de-poussete-2\/#breadcrumb\"},\"inLanguage\":\"fr-FR\",\"potentialAction\":[{\"@type\":\"ReadAction\",\"target\":[\"https:\/\/monpetit.co.il\/fr\/shop\/matelas-de-poussete-2\/\"]}]},{\"@type\":\"BreadcrumbList\",\"@id\":\"https:\/\/monpetit.co.il\/fr\/shop\/matelas-de-poussete-2\/#breadcrumb\",\"itemListElement\":[{\"@type\":\"ListItem\",\"position\":1,\"name\":\"Home\",\"item\":\"https:\/\/monpetit.co.il\/fr\/\"},{\"@type\":\"ListItem\",\"position\":2,\"name\":\"Shop\",\"item\":\"https:\/\/monpetit.co.il\/fr\/shop\/\"},{\"@type\":\"ListItem\",\"position\":3,\"name\":\"MATELAS DE POUSSETTE R\\u00c9VERSIBLE\"}]}]}<\/script>\n<!-- \/ Yoast SEO plugin. -->","yoast_head_json":{"title":"MATELAS DE POUSSETTE - Babylange Paris en Israel | Mon Petit Israel","description":"Le MATELAS DE POUSSETTE BabyLange est une solution deux-en-un con\u00e7ue pour vous faciliter la vie, vous ne manquez jamais de rien","robots":{"index":"index","follow":"follow","max-snippet":"max-snippet:-1","max-image-preview":"max-image-preview:large","max-video-preview":"max-video-preview:-1"},"canonical":"https:\/\/monpetit.co.il\/fr\/shop\/matelas-de-poussete-2\/","og_locale":"fr_FR","og_type":"article","og_title":"MATELAS DE POUSSETTE - Babylange Paris en Israel | Mon Petit Israel","og_description":"Le MATELAS DE POUSSETTE BabyLange est une solution deux-en-un con\u00e7ue pour vous faciliter la vie, vous ne manquez jamais de rien","og_url":"https:\/\/monpetit.co.il\/fr\/shop\/matelas-de-poussete-2\/","og_site_name":"Mon Petit Israel","article_publisher":"https:\/\/www.facebook.com\/babybagboutiqe\/","article_modified_time":"2025-08-31T14:24:28+00:00","og_image":[{"width":1464,"height":1464,"url":"https:\/\/monpetit.co.il\/fr\/wp-content\/uploads\/2021\/12\/tdbw.jpg","type":"image\/jpeg"}],"twitter_card":"summary_large_image","twitter_misc":{"Dur\u00e9e de lecture estim\u00e9e":"1 minute"},"schema":{"@context":"https:\/\/schema.org","@graph":[{"@type":"Organization","@id":"https:\/\/monpetit.co.il\/fr\/#organization","name":"Mon Petit - \u05de\u05d5\u05df \u05e4\u05d8\u05d9\u05d8 \u05d9\u05e9\u05e8\u05d0\u05dc","url":"https:\/\/monpetit.co.il\/fr\/","sameAs":["https:\/\/www.facebook.com\/babybagboutiqe\/"],"logo":{"@type":"ImageObject","@id":"https:\/\/monpetit.co.il\/fr\/#logo","inLanguage":"fr-FR","url":"","contentUrl":"","caption":"Mon Petit - \u05de\u05d5\u05df \u05e4\u05d8\u05d9\u05d8 \u05d9\u05e9\u05e8\u05d0\u05dc"},"image":{"@id":"https:\/\/monpetit.co.il\/fr\/#logo"}},{"@type":"WebSite","@id":"https:\/\/monpetit.co.il\/fr\/#website","url":"https:\/\/monpetit.co.il\/fr\/","name":"Mon Petit Israel","description":"Revendeur de babylange en Isra&euml;l","publisher":{"@id":"https:\/\/monpetit.co.il\/fr\/#organization"},"potentialAction":[{"@type":"SearchAction","target":{"@type":"EntryPoint","urlTemplate":"https:\/\/monpetit.co.il\/fr\/?s={search_term_string}"},"query-input":"required name=search_term_string"}],"inLanguage":"fr-FR"},{"@type":"ImageObject","@id":"https:\/\/monpetit.co.il\/fr\/shop\/matelas-de-poussete-2\/#primaryimage","inLanguage":"fr-FR","url":"https:\/\/monpetit.co.il\/fr\/wp-content\/uploads\/2021\/12\/tdbw.jpg","contentUrl":"https:\/\/monpetit.co.il\/fr\/wp-content\/uploads\/2021\/12\/tdbw.jpg","width":1464,"height":1464},{"@type":"WebPage","@id":"https:\/\/monpetit.co.il\/fr\/shop\/matelas-de-poussete-2\/#webpage","url":"https:\/\/monpetit.co.il\/fr\/shop\/matelas-de-poussete-2\/","name":"MATELAS DE POUSSETTE - Babylange Paris en Israel | Mon Petit Israel","isPartOf":{"@id":"https:\/\/monpetit.co.il\/fr\/#website"},"primaryImageOfPage":{"@id":"https:\/\/monpetit.co.il\/fr\/shop\/matelas-de-poussete-2\/#primaryimage"},"datePublished":"2021-12-24T00:20:13+00:00","dateModified":"2025-08-31T14:24:28+00:00","description":"Le MATELAS DE POUSSETTE BabyLange est une solution deux-en-un con\u00e7ue pour vous faciliter la vie, vous ne manquez jamais de rien","breadcrumb":{"@id":"https:\/\/monpetit.co.il\/fr\/shop\/matelas-de-poussete-2\/#breadcrumb"},"inLanguage":"fr-FR","potentialAction":[{"@type":"ReadAction","target":["https:\/\/monpetit.co.il\/fr\/shop\/matelas-de-poussete-2\/"]}]},{"@type":"BreadcrumbList","@id":"https:\/\/monpetit.co.il\/fr\/shop\/matelas-de-poussete-2\/#breadcrumb","itemListElement":[{"@type":"ListItem","position":1,"name":"Home","item":"https:\/\/monpetit.co.il\/fr\/"},{"@type":"ListItem","position":2,"name":"Shop","item":"https:\/\/monpetit.co.il\/fr\/shop\/"},{"@type":"ListItem","position":3,"name":"MATELAS DE POUSSETTE R\u00c9VERSIBLE"}]}]}},"_links":{"self":[{"href":"https:\/\/monpetit.co.il\/fr\/wp-json\/wp\/v2\/product\/3579"}],"collection":[{"href":"https:\/\/monpetit.co.il\/fr\/wp-json\/wp\/v2\/product"}],"about":[{"href":"https:\/\/monpetit.co.il\/fr\/wp-json\/wp\/v2\/types\/product"}],"replies":[{"embeddable":true,"href":"https:\/\/monpetit.co.il\/fr\/wp-json\/wp\/v2\/comments?post=3579"}],"wp:featuredmedia":[{"embeddable":true,"href":"https:\/\/monpetit.co.il\/fr\/wp-json\/wp\/v2\/media\/3899"}],"wp:attachment":[{"href":"https:\/\/monpetit.co.il\/fr\/wp-json\/wp\/v2\/media?parent=3579"}],"wp:term":[{"taxonomy":"product_cat","embeddable":true,"href":"https:\/\/monpetit.co.il\/fr\/wp-json\/wp\/v2\/product_cat?post=3579"},{"taxonomy":"product_tag","embeddable":true,"href":"https:\/\/monpetit.co.il\/fr\/wp-json\/wp\/v2\/product_tag?post=3579"}],"curies":[{"name":"wp","href":"https:\/\/api.w.org\/{rel}","templated":true}]}}