{"id":2985,"date":"2021-12-07T19:40:28","date_gmt":"2021-12-07T17:40:28","guid":{"rendered":"https:\/\/monpetit.co.il\/fr\/?post_type=product&#038;p=2985"},"modified":"2023-05-28T10:58:01","modified_gmt":"2023-05-28T07:58:01","slug":"petit-sac-a-langer-2","status":"publish","type":"product","link":"https:\/\/monpetit.co.il\/fr\/shop\/petit-sac-a-langer-2\/","title":{"rendered":"PETIT SAC \u00c0 LANGER"},"content":{"rendered":"<p dir=\"ltr\"><strong>Mod\u00e8le Peit<\/strong> &#8211; le bijou de la collection<br \/>\nCompact et confortable, avec un design luxueux.<br \/>\nUn sac \u00e0 langer qui vous facilitera la vie en limitant la charge de ce que vous emportez avec vous.<br \/>\nC&#8217;est \u00e0 c\u00f4t\u00e9 d&#8217;un look contemporain et personnalis\u00e9.<\/p>\n<p dir=\"ltr\">Disponible en deux tailles : grande et petite, et les deux sont divis\u00e9es en <strong>5 compartiments de rangement.<\/strong><br \/>\nLe sac \u00e0 langes est <strong>compos\u00e9 de 2 parties distinctes<\/strong> &#8211; un sac ext\u00e9rieur transparent et une doublure en tissu con\u00e7ue.<br \/>\nLe tissu int\u00e9rieur peut \u00eatre retir\u00e9 pour le nettoyage\/remplacement pour un autre design.<br \/>\nIl s&#8217;agit d&#8217;un brevet 2 en 1 qui a \u00e9t\u00e9 con\u00e7u par <strong>Babylange Paris<\/strong> et est disponible dans une vari\u00e9t\u00e9 de mod\u00e8les.<\/p>\n<p dir=\"ltr\" style=\"text-align: left;\">La doublure est lavable en machine, \u00e0 40\u00b0C, en retirant la partie en bois qui est dans la glissi\u00e8re.<\/p>\n<p dir=\"ltr\" style=\"text-align: left;\"><strong>Dimensions (longueur x hauteur x largeur) :<\/strong><br \/>\n30 x 20 x 12.5 cm.<\/p>\n","protected":false},"excerpt":{"rendered":"<p><a href=\"https:\/\/monpetit.co.il\/fr\/wp-content\/uploads\/2019\/06\/SITUATION_PETIT_SAC-Recovered.jpg\"><img loading=\"lazy\" class=\"aligncenter wp-image-2333 size-full\" src=\"https:\/\/monpetit.co.il\/fr\/wp-content\/uploads\/2019\/06\/SITUATION_PETIT_SAC-Recovered.jpg\" alt=\"\" width=\"2551\" height=\"1021\" srcset=\"https:\/\/monpetit.co.il\/fr\/wp-content\/uploads\/2019\/06\/SITUATION_PETIT_SAC-Recovered.jpg 2551w, https:\/\/monpetit.co.il\/fr\/wp-content\/uploads\/2019\/06\/SITUATION_PETIT_SAC-Recovered-300x120.jpg 300w, https:\/\/monpetit.co.il\/fr\/wp-content\/uploads\/2019\/06\/SITUATION_PETIT_SAC-Recovered-1024x410.jpg 1024w, https:\/\/monpetit.co.il\/fr\/wp-content\/uploads\/2019\/06\/SITUATION_PETIT_SAC-Recovered-768x307.jpg 768w, https:\/\/monpetit.co.il\/fr\/wp-content\/uploads\/2019\/06\/SITUATION_PETIT_SAC-Recovered-1536x615.jpg 1536w, https:\/\/monpetit.co.il\/fr\/wp-content\/uploads\/2019\/06\/SITUATION_PETIT_SAC-Recovered-2048x820.jpg 2048w, https:\/\/monpetit.co.il\/fr\/wp-content\/uploads\/2019\/06\/SITUATION_PETIT_SAC-Recovered-800x320.jpg 800w\" sizes=\"(max-width: 2551px) 100vw, 2551px\" \/><\/a><\/p>\n<p>&nbsp;<\/p>\n<div style=\"width: 800px;\" class=\"wp-video\"><!--[if lt IE 9]><script>document.createElement('video');<\/script><![endif]-->\n<video class=\"wp-video-shortcode\" id=\"video-2985-1\" width=\"800\" height=\"596\" poster=\"https:\/\/monpetit.co.il\/fr\/wp-content\/uploads\/2021\/12\/Screenshot-2021-12-08-124146.png\" preload=\"metadata\" controls=\"controls\"><source type=\"video\/mp4\" src=\"https:\/\/monpetit.co.il\/fr\/wp-content\/uploads\/2021\/12\/VIDEO_PETITSAC-1.mp4?_=1\" \/><a href=\"https:\/\/monpetit.co.il\/fr\/wp-content\/uploads\/2021\/12\/VIDEO_PETITSAC-1.mp4\">https:\/\/monpetit.co.il\/fr\/wp-content\/uploads\/2021\/12\/VIDEO_PETITSAC-1.mp4<\/a><\/video><\/div>\n","protected":false},"featured_media":3013,"comment_status":"open","ping_status":"closed","template":"","meta":[],"product_cat":[18],"product_tag":[],"yoast_head":"<!-- This site is optimized with the Yoast SEO plugin v17.7.1 - https:\/\/yoast.com\/wordpress\/plugins\/seo\/ -->\n<title>Grand sac a langer - Babylange Paris en Israel | Mon Petit Israel<\/title>\n<meta name=\"description\" content=\"Le Grand Sac \u00e0 Langer BabyLange est une solution deux-en-un con\u00e7ue pour vous faciliter la vie, Avec le Grand Sac \u00e0 Langer, vous ne manquez jamais de rien\" \/>\n<meta name=\"robots\" content=\"index, follow, max-snippet:-1, max-image-preview:large, max-video-preview:-1\" \/>\n<link rel=\"canonical\" href=\"https:\/\/monpetit.co.il\/fr\/shop\/petit-sac-a-langer-2\/\" \/>\n<meta property=\"og:locale\" content=\"fr_FR\" \/>\n<meta property=\"og:type\" content=\"article\" \/>\n<meta property=\"og:title\" content=\"Grand sac a langer - Babylange Paris en Israel | Mon Petit Israel\" \/>\n<meta property=\"og:description\" content=\"Le Grand Sac \u00e0 Langer BabyLange est une solution deux-en-un con\u00e7ue pour vous faciliter la vie, Avec le Grand Sac \u00e0 Langer, vous ne manquez jamais de rien\" \/>\n<meta property=\"og:url\" content=\"https:\/\/monpetit.co.il\/fr\/shop\/petit-sac-a-langer-2\/\" \/>\n<meta property=\"og:site_name\" content=\"Mon Petit Israel\" \/>\n<meta property=\"article:publisher\" content=\"https:\/\/www.facebook.com\/babybagboutiqe\/\" \/>\n<meta property=\"article:modified_time\" content=\"2023-05-28T07:58:01+00:00\" \/>\n<meta property=\"og:image\" content=\"https:\/\/monpetit.co.il\/fr\/wp-content\/uploads\/2021\/12\/ROCKSTAR_PETIT.jpg\" \/>\n\t<meta property=\"og:image:width\" content=\"1200\" \/>\n\t<meta property=\"og:image:height\" content=\"1200\" \/>\n<meta name=\"twitter:card\" content=\"summary_large_image\" \/>\n<meta name=\"twitter:label1\" content=\"Dur\u00e9e de lecture estim\u00e9e\" \/>\n\t<meta name=\"twitter:data1\" content=\"1 minute\" \/>\n<script type=\"application\/ld+json\" class=\"yoast-schema-graph\">{\"@context\":\"https:\/\/schema.org\",\"@graph\":[{\"@type\":\"Organization\",\"@id\":\"https:\/\/monpetit.co.il\/fr\/#organization\",\"name\":\"Mon Petit - \\u05de\\u05d5\\u05df \\u05e4\\u05d8\\u05d9\\u05d8 \\u05d9\\u05e9\\u05e8\\u05d0\\u05dc\",\"url\":\"https:\/\/monpetit.co.il\/fr\/\",\"sameAs\":[\"https:\/\/www.facebook.com\/babybagboutiqe\/\"],\"logo\":{\"@type\":\"ImageObject\",\"@id\":\"https:\/\/monpetit.co.il\/fr\/#logo\",\"inLanguage\":\"fr-FR\",\"url\":\"\",\"contentUrl\":\"\",\"caption\":\"Mon Petit - \\u05de\\u05d5\\u05df \\u05e4\\u05d8\\u05d9\\u05d8 \\u05d9\\u05e9\\u05e8\\u05d0\\u05dc\"},\"image\":{\"@id\":\"https:\/\/monpetit.co.il\/fr\/#logo\"}},{\"@type\":\"WebSite\",\"@id\":\"https:\/\/monpetit.co.il\/fr\/#website\",\"url\":\"https:\/\/monpetit.co.il\/fr\/\",\"name\":\"Mon Petit Israel\",\"description\":\"Revendeur de babylange en Isra&euml;l\",\"publisher\":{\"@id\":\"https:\/\/monpetit.co.il\/fr\/#organization\"},\"potentialAction\":[{\"@type\":\"SearchAction\",\"target\":{\"@type\":\"EntryPoint\",\"urlTemplate\":\"https:\/\/monpetit.co.il\/fr\/?s={search_term_string}\"},\"query-input\":\"required name=search_term_string\"}],\"inLanguage\":\"fr-FR\"},{\"@type\":\"ImageObject\",\"@id\":\"https:\/\/monpetit.co.il\/fr\/shop\/petit-sac-a-langer-2\/#primaryimage\",\"inLanguage\":\"fr-FR\",\"url\":\"https:\/\/monpetit.co.il\/fr\/wp-content\/uploads\/2021\/12\/ROCKSTAR_PETIT.jpg\",\"contentUrl\":\"https:\/\/monpetit.co.il\/fr\/wp-content\/uploads\/2021\/12\/ROCKSTAR_PETIT.jpg\",\"width\":1200,\"height\":1200},{\"@type\":\"WebPage\",\"@id\":\"https:\/\/monpetit.co.il\/fr\/shop\/petit-sac-a-langer-2\/#webpage\",\"url\":\"https:\/\/monpetit.co.il\/fr\/shop\/petit-sac-a-langer-2\/\",\"name\":\"Grand sac a langer - Babylange Paris en Israel | Mon Petit Israel\",\"isPartOf\":{\"@id\":\"https:\/\/monpetit.co.il\/fr\/#website\"},\"primaryImageOfPage\":{\"@id\":\"https:\/\/monpetit.co.il\/fr\/shop\/petit-sac-a-langer-2\/#primaryimage\"},\"datePublished\":\"2021-12-07T17:40:28+00:00\",\"dateModified\":\"2023-05-28T07:58:01+00:00\",\"description\":\"Le Grand Sac \\u00e0 Langer BabyLange est une solution deux-en-un con\\u00e7ue pour vous faciliter la vie, Avec le Grand Sac \\u00e0 Langer, vous ne manquez jamais de rien\",\"breadcrumb\":{\"@id\":\"https:\/\/monpetit.co.il\/fr\/shop\/petit-sac-a-langer-2\/#breadcrumb\"},\"inLanguage\":\"fr-FR\",\"potentialAction\":[{\"@type\":\"ReadAction\",\"target\":[\"https:\/\/monpetit.co.il\/fr\/shop\/petit-sac-a-langer-2\/\"]}]},{\"@type\":\"BreadcrumbList\",\"@id\":\"https:\/\/monpetit.co.il\/fr\/shop\/petit-sac-a-langer-2\/#breadcrumb\",\"itemListElement\":[{\"@type\":\"ListItem\",\"position\":1,\"name\":\"Home\",\"item\":\"https:\/\/monpetit.co.il\/fr\/\"},{\"@type\":\"ListItem\",\"position\":2,\"name\":\"Shop\",\"item\":\"https:\/\/monpetit.co.il\/fr\/shop\/\"},{\"@type\":\"ListItem\",\"position\":3,\"name\":\"PETIT SAC \\u00c0 LANGER\"}]}]}<\/script>\n<!-- \/ Yoast SEO plugin. -->","yoast_head_json":{"title":"Grand sac a langer - Babylange Paris en Israel | Mon Petit Israel","description":"Le Grand Sac \u00e0 Langer BabyLange est une solution deux-en-un con\u00e7ue pour vous faciliter la vie, Avec le Grand Sac \u00e0 Langer, vous ne manquez jamais de rien","robots":{"index":"index","follow":"follow","max-snippet":"max-snippet:-1","max-image-preview":"max-image-preview:large","max-video-preview":"max-video-preview:-1"},"canonical":"https:\/\/monpetit.co.il\/fr\/shop\/petit-sac-a-langer-2\/","og_locale":"fr_FR","og_type":"article","og_title":"Grand sac a langer - Babylange Paris en Israel | Mon Petit Israel","og_description":"Le Grand Sac \u00e0 Langer BabyLange est une solution deux-en-un con\u00e7ue pour vous faciliter la vie, Avec le Grand Sac \u00e0 Langer, vous ne manquez jamais de rien","og_url":"https:\/\/monpetit.co.il\/fr\/shop\/petit-sac-a-langer-2\/","og_site_name":"Mon Petit Israel","article_publisher":"https:\/\/www.facebook.com\/babybagboutiqe\/","article_modified_time":"2023-05-28T07:58:01+00:00","og_image":[{"width":1200,"height":1200,"url":"https:\/\/monpetit.co.il\/fr\/wp-content\/uploads\/2021\/12\/ROCKSTAR_PETIT.jpg","type":"image\/jpeg"}],"twitter_card":"summary_large_image","twitter_misc":{"Dur\u00e9e de lecture estim\u00e9e":"1 minute"},"schema":{"@context":"https:\/\/schema.org","@graph":[{"@type":"Organization","@id":"https:\/\/monpetit.co.il\/fr\/#organization","name":"Mon Petit - \u05de\u05d5\u05df \u05e4\u05d8\u05d9\u05d8 \u05d9\u05e9\u05e8\u05d0\u05dc","url":"https:\/\/monpetit.co.il\/fr\/","sameAs":["https:\/\/www.facebook.com\/babybagboutiqe\/"],"logo":{"@type":"ImageObject","@id":"https:\/\/monpetit.co.il\/fr\/#logo","inLanguage":"fr-FR","url":"","contentUrl":"","caption":"Mon Petit - \u05de\u05d5\u05df \u05e4\u05d8\u05d9\u05d8 \u05d9\u05e9\u05e8\u05d0\u05dc"},"image":{"@id":"https:\/\/monpetit.co.il\/fr\/#logo"}},{"@type":"WebSite","@id":"https:\/\/monpetit.co.il\/fr\/#website","url":"https:\/\/monpetit.co.il\/fr\/","name":"Mon Petit Israel","description":"Revendeur de babylange en Isra&euml;l","publisher":{"@id":"https:\/\/monpetit.co.il\/fr\/#organization"},"potentialAction":[{"@type":"SearchAction","target":{"@type":"EntryPoint","urlTemplate":"https:\/\/monpetit.co.il\/fr\/?s={search_term_string}"},"query-input":"required name=search_term_string"}],"inLanguage":"fr-FR"},{"@type":"ImageObject","@id":"https:\/\/monpetit.co.il\/fr\/shop\/petit-sac-a-langer-2\/#primaryimage","inLanguage":"fr-FR","url":"https:\/\/monpetit.co.il\/fr\/wp-content\/uploads\/2021\/12\/ROCKSTAR_PETIT.jpg","contentUrl":"https:\/\/monpetit.co.il\/fr\/wp-content\/uploads\/2021\/12\/ROCKSTAR_PETIT.jpg","width":1200,"height":1200},{"@type":"WebPage","@id":"https:\/\/monpetit.co.il\/fr\/shop\/petit-sac-a-langer-2\/#webpage","url":"https:\/\/monpetit.co.il\/fr\/shop\/petit-sac-a-langer-2\/","name":"Grand sac a langer - Babylange Paris en Israel | Mon Petit Israel","isPartOf":{"@id":"https:\/\/monpetit.co.il\/fr\/#website"},"primaryImageOfPage":{"@id":"https:\/\/monpetit.co.il\/fr\/shop\/petit-sac-a-langer-2\/#primaryimage"},"datePublished":"2021-12-07T17:40:28+00:00","dateModified":"2023-05-28T07:58:01+00:00","description":"Le Grand Sac \u00e0 Langer BabyLange est une solution deux-en-un con\u00e7ue pour vous faciliter la vie, Avec le Grand Sac \u00e0 Langer, vous ne manquez jamais de rien","breadcrumb":{"@id":"https:\/\/monpetit.co.il\/fr\/shop\/petit-sac-a-langer-2\/#breadcrumb"},"inLanguage":"fr-FR","potentialAction":[{"@type":"ReadAction","target":["https:\/\/monpetit.co.il\/fr\/shop\/petit-sac-a-langer-2\/"]}]},{"@type":"BreadcrumbList","@id":"https:\/\/monpetit.co.il\/fr\/shop\/petit-sac-a-langer-2\/#breadcrumb","itemListElement":[{"@type":"ListItem","position":1,"name":"Home","item":"https:\/\/monpetit.co.il\/fr\/"},{"@type":"ListItem","position":2,"name":"Shop","item":"https:\/\/monpetit.co.il\/fr\/shop\/"},{"@type":"ListItem","position":3,"name":"PETIT SAC \u00c0 LANGER"}]}]}},"_links":{"self":[{"href":"https:\/\/monpetit.co.il\/fr\/wp-json\/wp\/v2\/product\/2985"}],"collection":[{"href":"https:\/\/monpetit.co.il\/fr\/wp-json\/wp\/v2\/product"}],"about":[{"href":"https:\/\/monpetit.co.il\/fr\/wp-json\/wp\/v2\/types\/product"}],"replies":[{"embeddable":true,"href":"https:\/\/monpetit.co.il\/fr\/wp-json\/wp\/v2\/comments?post=2985"}],"wp:featuredmedia":[{"embeddable":true,"href":"https:\/\/monpetit.co.il\/fr\/wp-json\/wp\/v2\/media\/3013"}],"wp:attachment":[{"href":"https:\/\/monpetit.co.il\/fr\/wp-json\/wp\/v2\/media?parent=2985"}],"wp:term":[{"taxonomy":"product_cat","embeddable":true,"href":"https:\/\/monpetit.co.il\/fr\/wp-json\/wp\/v2\/product_cat?post=2985"},{"taxonomy":"product_tag","embeddable":true,"href":"https:\/\/monpetit.co.il\/fr\/wp-json\/wp\/v2\/product_tag?post=2985"}],"curies":[{"name":"wp","href":"https:\/\/api.w.org\/{rel}","templated":true}]}}