{"id":59,"date":"2019-05-28T13:50:08","date_gmt":"2019-05-28T10:50:08","guid":{"rendered":"https:\/\/monpetit.co.il\/fr\/cart\/"},"modified":"2021-12-23T21:22:05","modified_gmt":"2021-12-23T19:22:05","slug":"panier","status":"publish","type":"page","link":"https:\/\/monpetit.co.il\/fr\/panier\/","title":{"rendered":"Panier"},"content":{"rendered":"\t\t<div data-elementor-type=\"wp-post\" data-elementor-id=\"59\" class=\"elementor elementor-59\" data-elementor-settings=\"[]\">\n\t\t\t\t\t\t<div class=\"elementor-inner\">\n\t\t\t\t\t\t\t<div class=\"elementor-section-wrap\">\n\t\t\t\t\t\t\t<section class=\"elementor-section elementor-top-section elementor-element elementor-element-55a45896 elementor-hidden-mobile elementor-section-boxed elementor-section-height-default elementor-section-height-default\" data-id=\"55a45896\" data-element_type=\"section\">\n\t\t\t\t\t\t<div class=\"elementor-container elementor-column-gap-default\">\n\t\t\t\t\t\t\t<div class=\"elementor-row\">\n\t\t\t\t\t<div class=\"elementor-column elementor-col-100 elementor-top-column elementor-element elementor-element-70163fda\" data-id=\"70163fda\" data-element_type=\"column\">\n\t\t\t<div class=\"elementor-column-wrap elementor-element-populated\">\n\t\t\t\t\t\t\t<div class=\"elementor-widget-wrap\">\n\t\t\t\t\t\t<div class=\"elementor-element elementor-element-4eda850a elementor-widget elementor-widget-image\" data-id=\"4eda850a\" data-element_type=\"widget\" data-widget_type=\"image.default\">\n\t\t\t\t<div class=\"elementor-widget-container\">\n\t\t\t\t\t\t\t\t<div class=\"elementor-image\">\n\t\t\t\t\t\t\t\t\t\t\t\t<img width=\"800\" height=\"294\" src=\"https:\/\/monpetit.co.il\/fr\/wp-content\/uploads\/2020\/04\/leoweb1-1024x376.jpg\" class=\"attachment-large size-large\" alt=\"\" loading=\"lazy\" srcset=\"https:\/\/monpetit.co.il\/fr\/wp-content\/uploads\/2020\/04\/leoweb1-1024x376.jpg 1024w, https:\/\/monpetit.co.il\/fr\/wp-content\/uploads\/2020\/04\/leoweb1-300x110.jpg 300w, https:\/\/monpetit.co.il\/fr\/wp-content\/uploads\/2020\/04\/leoweb1-768x282.jpg 768w, https:\/\/monpetit.co.il\/fr\/wp-content\/uploads\/2020\/04\/leoweb1-1536x564.jpg 1536w, https:\/\/monpetit.co.il\/fr\/wp-content\/uploads\/2020\/04\/leoweb1-800x294.jpg 800w, https:\/\/monpetit.co.il\/fr\/wp-content\/uploads\/2020\/04\/leoweb1.jpg 1920w\" sizes=\"(max-width: 800px) 100vw, 800px\" \/>\t\t\t\t\t\t\t\t\t\t\t\t\t\t<\/div>\n\t\t\t\t\t\t<\/div>\n\t\t\t\t<\/div>\n\t\t\t\t<section class=\"elementor-section elementor-inner-section elementor-element elementor-element-84bccc3 elementor-section-full_width elementor-section-height-default elementor-section-height-default\" data-id=\"84bccc3\" data-element_type=\"section\" data-settings=\"{&quot;background_background&quot;:&quot;gradient&quot;}\">\n\t\t\t\t\t\t<div class=\"elementor-container elementor-column-gap-default\">\n\t\t\t\t\t\t\t<div class=\"elementor-row\">\n\t\t\t\t\t<div class=\"elementor-column elementor-col-50 elementor-inner-column elementor-element elementor-element-49409b1e\" data-id=\"49409b1e\" data-element_type=\"column\">\n\t\t\t<div class=\"elementor-column-wrap elementor-element-populated\">\n\t\t\t\t\t\t\t<div class=\"elementor-widget-wrap\">\n\t\t\t\t\t\t<div class=\"elementor-element elementor-element-323dd511 elementor-widget elementor-widget-heading\" data-id=\"323dd511\" data-element_type=\"widget\" data-widget_type=\"heading.default\">\n\t\t\t\t<div class=\"elementor-widget-container\">\n\t\t\t<h1 class=\"elementor-heading-title elementor-size-default\">PANIER<\/h1>\t\t<\/div>\n\t\t\t\t<\/div>\n\t\t\t\t\t\t<\/div>\n\t\t\t\t\t<\/div>\n\t\t<\/div>\n\t\t\t\t<div class=\"elementor-column elementor-col-50 elementor-inner-column elementor-element elementor-element-b51d76e\" data-id=\"b51d76e\" data-element_type=\"column\">\n\t\t\t<div class=\"elementor-column-wrap elementor-element-populated\">\n\t\t\t\t\t\t\t<div class=\"elementor-widget-wrap\">\n\t\t\t\t\t\t<div class=\"elementor-element elementor-element-164badd5 elementor-widget elementor-widget-image\" data-id=\"164badd5\" data-element_type=\"widget\" data-widget_type=\"image.default\">\n\t\t\t\t<div class=\"elementor-widget-container\">\n\t\t\t\t\t\t\t\t<div class=\"elementor-image\">\n\t\t\t\t\t\t\t\t\t\t\t\t<img width=\"1102\" height=\"203\" src=\"https:\/\/monpetit.co.il\/fr\/wp-content\/uploads\/2021\/12\/2222-2.png\" class=\"attachment-2048x2048 size-2048x2048\" alt=\"\" loading=\"lazy\" srcset=\"https:\/\/monpetit.co.il\/fr\/wp-content\/uploads\/2021\/12\/2222-2.png 1102w, https:\/\/monpetit.co.il\/fr\/wp-content\/uploads\/2021\/12\/2222-2-300x55.png 300w, https:\/\/monpetit.co.il\/fr\/wp-content\/uploads\/2021\/12\/2222-2-1024x189.png 1024w, https:\/\/monpetit.co.il\/fr\/wp-content\/uploads\/2021\/12\/2222-2-768x141.png 768w, https:\/\/monpetit.co.il\/fr\/wp-content\/uploads\/2021\/12\/2222-2-800x147.png 800w\" sizes=\"(max-width: 1102px) 100vw, 1102px\" \/>\t\t\t\t\t\t\t\t\t\t\t\t\t\t<\/div>\n\t\t\t\t\t\t<\/div>\n\t\t\t\t<\/div>\n\t\t\t\t\t\t<\/div>\n\t\t\t\t\t<\/div>\n\t\t<\/div>\n\t\t\t\t\t\t\t\t<\/div>\n\t\t\t\t\t<\/div>\n\t\t<\/section>\n\t\t\t\t\t\t<\/div>\n\t\t\t\t\t<\/div>\n\t\t<\/div>\n\t\t\t\t\t\t\t\t<\/div>\n\t\t\t\t\t<\/div>\n\t\t<\/section>\n\t\t\t\t<section class=\"elementor-section elementor-top-section elementor-element elementor-element-04e91f9 elementor-hidden-desktop elementor-hidden-tablet elementor-section-boxed elementor-section-height-default elementor-section-height-default\" data-id=\"04e91f9\" data-element_type=\"section\">\n\t\t\t\t\t\t<div class=\"elementor-container elementor-column-gap-default\">\n\t\t\t\t\t\t\t<div class=\"elementor-row\">\n\t\t\t\t\t<div class=\"elementor-column elementor-col-100 elementor-top-column elementor-element elementor-element-96a5f8f\" data-id=\"96a5f8f\" data-element_type=\"column\">\n\t\t\t<div class=\"elementor-column-wrap elementor-element-populated\">\n\t\t\t\t\t\t\t<div class=\"elementor-widget-wrap\">\n\t\t\t\t\t\t<section class=\"elementor-section elementor-inner-section elementor-element elementor-element-aa8829e elementor-section-full_width elementor-section-height-default elementor-section-height-default\" data-id=\"aa8829e\" data-element_type=\"section\" data-settings=\"{&quot;background_background&quot;:&quot;gradient&quot;}\">\n\t\t\t\t\t\t<div class=\"elementor-container elementor-column-gap-default\">\n\t\t\t\t\t\t\t<div class=\"elementor-row\">\n\t\t\t\t\t<div class=\"elementor-column elementor-col-100 elementor-inner-column elementor-element elementor-element-2f9be89\" data-id=\"2f9be89\" data-element_type=\"column\">\n\t\t\t<div class=\"elementor-column-wrap elementor-element-populated\">\n\t\t\t\t\t\t\t<div class=\"elementor-widget-wrap\">\n\t\t\t\t\t\t<div class=\"elementor-element elementor-element-c99dcc9 elementor-widget elementor-widget-heading\" data-id=\"c99dcc9\" data-element_type=\"widget\" data-widget_type=\"heading.default\">\n\t\t\t\t<div class=\"elementor-widget-container\">\n\t\t\t<h1 class=\"elementor-heading-title elementor-size-default\">PANIER<\/h1>\t\t<\/div>\n\t\t\t\t<\/div>\n\t\t\t\t\t\t<\/div>\n\t\t\t\t\t<\/div>\n\t\t<\/div>\n\t\t\t\t\t\t\t\t<\/div>\n\t\t\t\t\t<\/div>\n\t\t<\/section>\n\t\t\t\t\t\t<\/div>\n\t\t\t\t\t<\/div>\n\t\t<\/div>\n\t\t\t\t\t\t\t\t<\/div>\n\t\t\t\t\t<\/div>\n\t\t<\/section>\n\t\t\t\t<section class=\"elementor-section elementor-top-section elementor-element elementor-element-731d17ca elementor-section-boxed elementor-section-height-default elementor-section-height-default\" data-id=\"731d17ca\" data-element_type=\"section\">\n\t\t\t\t\t\t<div class=\"elementor-container elementor-column-gap-default\">\n\t\t\t\t\t\t\t<div class=\"elementor-row\">\n\t\t\t\t\t<div class=\"elementor-column elementor-col-100 elementor-top-column elementor-element elementor-element-4298a997\" data-id=\"4298a997\" data-element_type=\"column\">\n\t\t\t<div class=\"elementor-column-wrap elementor-element-populated\">\n\t\t\t\t\t\t\t<div class=\"elementor-widget-wrap\">\n\t\t\t\t\t\t\t\t<\/div>\n\t\t\t\t\t<\/div>\n\t\t<\/div>\n\t\t\t\t\t\t\t\t<\/div>\n\t\t\t\t\t<\/div>\n\t\t<\/section>\n\t\t\t\t<section class=\"elementor-section elementor-top-section elementor-element elementor-element-e7a0f5c elementor-section-boxed elementor-section-height-default elementor-section-height-default\" data-id=\"e7a0f5c\" data-element_type=\"section\">\n\t\t\t\t\t\t<div class=\"elementor-container elementor-column-gap-default\">\n\t\t\t\t\t\t\t<div class=\"elementor-row\">\n\t\t\t\t\t<div class=\"elementor-column elementor-col-100 elementor-top-column elementor-element elementor-element-48ba9f6\" data-id=\"48ba9f6\" data-element_type=\"column\">\n\t\t\t<div class=\"elementor-column-wrap elementor-element-populated\">\n\t\t\t\t\t\t\t<div class=\"elementor-widget-wrap\">\n\t\t\t\t\t\t<div class=\"elementor-element elementor-element-5f0bb3e elementor-widget elementor-widget-spacer\" data-id=\"5f0bb3e\" data-element_type=\"widget\" data-widget_type=\"spacer.default\">\n\t\t\t\t<div class=\"elementor-widget-container\">\n\t\t\t\t\t<div class=\"elementor-spacer\">\n\t\t\t<div class=\"elementor-spacer-inner\"><\/div>\n\t\t<\/div>\n\t\t\t\t<\/div>\n\t\t\t\t<\/div>\n\t\t\t\t\t\t<\/div>\n\t\t\t\t\t<\/div>\n\t\t<\/div>\n\t\t\t\t\t\t\t\t<\/div>\n\t\t\t\t\t<\/div>\n\t\t<\/section>\n\t\t\t\t\t\t<\/div>\n\t\t\t\t\t\t<\/div>\n\t\t\t\t\t<\/div>\n\t\t","protected":false},"excerpt":{"rendered":"<p>PANIER PANIER &nbsp; &nbsp; Produit Prix Quantit\u00e9 Sous-total &times; GRAND SAC \u00c0 LANGER &#8211; glitterModifier les options &#8362;569.00 1 &#8362;569.00 &times; MATELAS DE POUSSETE &#8211; rockstarModifier les options &#8362;429.00 1 &#8362;429.00 APPLIQUER LE CODE PROMO TOTAL PANIER Sous-total &#8362;998.00 Exp\u00e9dition Livraison \u00e0 domicile gratuite (1-4 jours ouvrables) &#8211; pour les achats sup\u00e9rieurs \u00e0 899 NIS [&hellip;]<\/p>\n","protected":false},"author":1,"featured_media":0,"parent":0,"menu_order":0,"comment_status":"closed","ping_status":"closed","template":"","meta":[],"yoast_head":"<!-- This site is optimized with the Yoast SEO plugin v17.7.1 - https:\/\/yoast.com\/wordpress\/plugins\/seo\/ -->\n<title>Panier | Mon Petit Israel<\/title>\n<meta name=\"description\" content=\"% %\" \/>\n<meta name=\"robots\" content=\"index, follow, max-snippet:-1, max-image-preview:large, max-video-preview:-1\" \/>\n<link rel=\"canonical\" href=\"https:\/\/monpetit.co.il\/fr\/panier\/\" \/>\n<meta property=\"og:locale\" content=\"fr_FR\" \/>\n<meta property=\"og:type\" content=\"article\" \/>\n<meta property=\"og:title\" content=\"Panier | Mon Petit Israel\" \/>\n<meta property=\"og:description\" content=\"% %\" \/>\n<meta property=\"og:url\" content=\"https:\/\/monpetit.co.il\/fr\/panier\/\" \/>\n<meta property=\"og:site_name\" content=\"Mon Petit Israel\" \/>\n<meta property=\"article:publisher\" content=\"https:\/\/www.facebook.com\/babybagboutiqe\/\" \/>\n<meta property=\"article:modified_time\" content=\"2021-12-23T19:22:05+00:00\" \/>\n<meta property=\"og:image\" content=\"https:\/\/monpetit.co.il\/fr\/wp-content\/uploads\/2020\/04\/leoweb1-1024x376.jpg\" \/>\n<meta name=\"twitter:card\" content=\"summary_large_image\" \/>\n<meta name=\"twitter:label1\" content=\"Dur\u00e9e de lecture estim\u00e9e\" \/>\n\t<meta name=\"twitter:data1\" content=\"2 minutes\" \/>\n<script type=\"application\/ld+json\" class=\"yoast-schema-graph\">{\"@context\":\"https:\/\/schema.org\",\"@graph\":[{\"@type\":\"Organization\",\"@id\":\"https:\/\/monpetit.co.il\/fr\/#organization\",\"name\":\"Mon Petit - \\u05de\\u05d5\\u05df \\u05e4\\u05d8\\u05d9\\u05d8 \\u05d9\\u05e9\\u05e8\\u05d0\\u05dc\",\"url\":\"https:\/\/monpetit.co.il\/fr\/\",\"sameAs\":[\"https:\/\/www.facebook.com\/babybagboutiqe\/\"],\"logo\":{\"@type\":\"ImageObject\",\"@id\":\"https:\/\/monpetit.co.il\/fr\/#logo\",\"inLanguage\":\"fr-FR\",\"url\":\"\",\"contentUrl\":\"\",\"caption\":\"Mon Petit - \\u05de\\u05d5\\u05df \\u05e4\\u05d8\\u05d9\\u05d8 \\u05d9\\u05e9\\u05e8\\u05d0\\u05dc\"},\"image\":{\"@id\":\"https:\/\/monpetit.co.il\/fr\/#logo\"}},{\"@type\":\"WebSite\",\"@id\":\"https:\/\/monpetit.co.il\/fr\/#website\",\"url\":\"https:\/\/monpetit.co.il\/fr\/\",\"name\":\"Mon Petit Israel\",\"description\":\"Revendeur de babylange en Isra&euml;l\",\"publisher\":{\"@id\":\"https:\/\/monpetit.co.il\/fr\/#organization\"},\"potentialAction\":[{\"@type\":\"SearchAction\",\"target\":{\"@type\":\"EntryPoint\",\"urlTemplate\":\"https:\/\/monpetit.co.il\/fr\/?s={search_term_string}\"},\"query-input\":\"required name=search_term_string\"}],\"inLanguage\":\"fr-FR\"},{\"@type\":\"ImageObject\",\"@id\":\"https:\/\/monpetit.co.il\/fr\/panier\/#primaryimage\",\"inLanguage\":\"fr-FR\",\"url\":\"https:\/\/monpetit.co.il\/fr\/wp-content\/uploads\/2020\/04\/leoweb1.jpg\",\"contentUrl\":\"https:\/\/monpetit.co.il\/fr\/wp-content\/uploads\/2020\/04\/leoweb1.jpg\",\"width\":1920,\"height\":705},{\"@type\":\"WebPage\",\"@id\":\"https:\/\/monpetit.co.il\/fr\/panier\/#webpage\",\"url\":\"https:\/\/monpetit.co.il\/fr\/panier\/\",\"name\":\"Panier | Mon Petit Israel\",\"isPartOf\":{\"@id\":\"https:\/\/monpetit.co.il\/fr\/#website\"},\"primaryImageOfPage\":{\"@id\":\"https:\/\/monpetit.co.il\/fr\/panier\/#primaryimage\"},\"datePublished\":\"2019-05-28T10:50:08+00:00\",\"dateModified\":\"2021-12-23T19:22:05+00:00\",\"description\":\"% %\",\"breadcrumb\":{\"@id\":\"https:\/\/monpetit.co.il\/fr\/panier\/#breadcrumb\"},\"inLanguage\":\"fr-FR\",\"potentialAction\":[{\"@type\":\"ReadAction\",\"target\":[\"https:\/\/monpetit.co.il\/fr\/panier\/\"]}]},{\"@type\":\"BreadcrumbList\",\"@id\":\"https:\/\/monpetit.co.il\/fr\/panier\/#breadcrumb\",\"itemListElement\":[{\"@type\":\"ListItem\",\"position\":1,\"name\":\"Home\",\"item\":\"https:\/\/monpetit.co.il\/fr\/\"},{\"@type\":\"ListItem\",\"position\":2,\"name\":\"Panier\"}]}]}<\/script>\n<!-- \/ Yoast SEO plugin. -->","yoast_head_json":{"title":"Panier | Mon Petit Israel","description":"% %","robots":{"index":"index","follow":"follow","max-snippet":"max-snippet:-1","max-image-preview":"max-image-preview:large","max-video-preview":"max-video-preview:-1"},"canonical":"https:\/\/monpetit.co.il\/fr\/panier\/","og_locale":"fr_FR","og_type":"article","og_title":"Panier | Mon Petit Israel","og_description":"% %","og_url":"https:\/\/monpetit.co.il\/fr\/panier\/","og_site_name":"Mon Petit Israel","article_publisher":"https:\/\/www.facebook.com\/babybagboutiqe\/","article_modified_time":"2021-12-23T19:22:05+00:00","og_image":[{"url":"https:\/\/monpetit.co.il\/fr\/wp-content\/uploads\/2020\/04\/leoweb1-1024x376.jpg"}],"twitter_card":"summary_large_image","twitter_misc":{"Dur\u00e9e de lecture estim\u00e9e":"2 minutes"},"schema":{"@context":"https:\/\/schema.org","@graph":[{"@type":"Organization","@id":"https:\/\/monpetit.co.il\/fr\/#organization","name":"Mon Petit - \u05de\u05d5\u05df \u05e4\u05d8\u05d9\u05d8 \u05d9\u05e9\u05e8\u05d0\u05dc","url":"https:\/\/monpetit.co.il\/fr\/","sameAs":["https:\/\/www.facebook.com\/babybagboutiqe\/"],"logo":{"@type":"ImageObject","@id":"https:\/\/monpetit.co.il\/fr\/#logo","inLanguage":"fr-FR","url":"","contentUrl":"","caption":"Mon Petit - \u05de\u05d5\u05df \u05e4\u05d8\u05d9\u05d8 \u05d9\u05e9\u05e8\u05d0\u05dc"},"image":{"@id":"https:\/\/monpetit.co.il\/fr\/#logo"}},{"@type":"WebSite","@id":"https:\/\/monpetit.co.il\/fr\/#website","url":"https:\/\/monpetit.co.il\/fr\/","name":"Mon Petit Israel","description":"Revendeur de babylange en Isra&euml;l","publisher":{"@id":"https:\/\/monpetit.co.il\/fr\/#organization"},"potentialAction":[{"@type":"SearchAction","target":{"@type":"EntryPoint","urlTemplate":"https:\/\/monpetit.co.il\/fr\/?s={search_term_string}"},"query-input":"required name=search_term_string"}],"inLanguage":"fr-FR"},{"@type":"ImageObject","@id":"https:\/\/monpetit.co.il\/fr\/panier\/#primaryimage","inLanguage":"fr-FR","url":"https:\/\/monpetit.co.il\/fr\/wp-content\/uploads\/2020\/04\/leoweb1.jpg","contentUrl":"https:\/\/monpetit.co.il\/fr\/wp-content\/uploads\/2020\/04\/leoweb1.jpg","width":1920,"height":705},{"@type":"WebPage","@id":"https:\/\/monpetit.co.il\/fr\/panier\/#webpage","url":"https:\/\/monpetit.co.il\/fr\/panier\/","name":"Panier | Mon Petit Israel","isPartOf":{"@id":"https:\/\/monpetit.co.il\/fr\/#website"},"primaryImageOfPage":{"@id":"https:\/\/monpetit.co.il\/fr\/panier\/#primaryimage"},"datePublished":"2019-05-28T10:50:08+00:00","dateModified":"2021-12-23T19:22:05+00:00","description":"% %","breadcrumb":{"@id":"https:\/\/monpetit.co.il\/fr\/panier\/#breadcrumb"},"inLanguage":"fr-FR","potentialAction":[{"@type":"ReadAction","target":["https:\/\/monpetit.co.il\/fr\/panier\/"]}]},{"@type":"BreadcrumbList","@id":"https:\/\/monpetit.co.il\/fr\/panier\/#breadcrumb","itemListElement":[{"@type":"ListItem","position":1,"name":"Home","item":"https:\/\/monpetit.co.il\/fr\/"},{"@type":"ListItem","position":2,"name":"Panier"}]}]}},"_links":{"self":[{"href":"https:\/\/monpetit.co.il\/fr\/wp-json\/wp\/v2\/pages\/59"}],"collection":[{"href":"https:\/\/monpetit.co.il\/fr\/wp-json\/wp\/v2\/pages"}],"about":[{"href":"https:\/\/monpetit.co.il\/fr\/wp-json\/wp\/v2\/types\/page"}],"author":[{"embeddable":true,"href":"https:\/\/monpetit.co.il\/fr\/wp-json\/wp\/v2\/users\/1"}],"replies":[{"embeddable":true,"href":"https:\/\/monpetit.co.il\/fr\/wp-json\/wp\/v2\/comments?post=59"}],"version-history":[{"count":32,"href":"https:\/\/monpetit.co.il\/fr\/wp-json\/wp\/v2\/pages\/59\/revisions"}],"predecessor-version":[{"id":3486,"href":"https:\/\/monpetit.co.il\/fr\/wp-json\/wp\/v2\/pages\/59\/revisions\/3486"}],"wp:attachment":[{"href":"https:\/\/monpetit.co.il\/fr\/wp-json\/wp\/v2\/media?parent=59"}],"curies":[{"name":"wp","href":"https:\/\/api.w.org\/{rel}","templated":true}]}}