{"id":419,"date":"2019-06-11T20:32:02","date_gmt":"2019-06-11T17:32:02","guid":{"rendered":"https:\/\/monpetit.co.il\/fr\/?page_id=419"},"modified":"2024-06-15T21:17:15","modified_gmt":"2024-06-15T18:17:15","slug":"nous-contacter","status":"publish","type":"page","link":"https:\/\/monpetit.co.il\/fr\/nous-contacter\/","title":{"rendered":"Nous contacter"},"content":{"rendered":"\t\t<div data-elementor-type=\"wp-post\" data-elementor-id=\"419\" class=\"elementor elementor-419\" data-elementor-settings=\"[]\">\n\t\t\t\t\t\t<div class=\"elementor-inner\">\n\t\t\t\t\t\t\t<div class=\"elementor-section-wrap\">\n\t\t\t\t\t\t\t<section class=\"elementor-section elementor-top-section elementor-element elementor-element-57725039 elementor-section-full_width elementor-section-height-default elementor-section-height-default\" data-id=\"57725039\" data-element_type=\"section\" data-settings=\"{&quot;background_background&quot;:&quot;classic&quot;}\">\n\t\t\t\t\t\t<div class=\"elementor-container elementor-column-gap-default\">\n\t\t\t\t\t\t\t<div class=\"elementor-row\">\n\t\t\t\t\t<div class=\"elementor-column elementor-col-100 elementor-top-column elementor-element elementor-element-19ad138c\" data-id=\"19ad138c\" data-element_type=\"column\">\n\t\t\t<div class=\"elementor-column-wrap elementor-element-populated\">\n\t\t\t\t\t\t\t<div class=\"elementor-widget-wrap\">\n\t\t\t\t\t\t<div class=\"elementor-element elementor-element-7b7780b6 elementor-mobile-align-center elementor-widget elementor-widget-global elementor-global-2847 elementor-widget-breadcrumbs\" data-id=\"7b7780b6\" data-element_type=\"widget\" data-widget_type=\"breadcrumbs.default\">\n\t\t\t\t<div class=\"elementor-widget-container\">\n\t\t\t<p id=\"breadcrumbs\"><span><span><a href=\"https:\/\/monpetit.co.il\/fr\/\">Home<\/a><\/span><\/p>\t\t<\/div>\n\t\t\t\t<\/div>\n\t\t\t\t<div class=\"elementor-element elementor-element-23b79066 elementor-widget-divider--view-line elementor-widget elementor-widget-divider\" data-id=\"23b79066\" data-element_type=\"widget\" data-widget_type=\"divider.default\">\n\t\t\t\t<div class=\"elementor-widget-container\">\n\t\t\t\t\t<div class=\"elementor-divider\">\n\t\t\t<span class=\"elementor-divider-separator\">\n\t\t\t\t\t\t<\/span>\n\t\t<\/div>\n\t\t\t\t<\/div>\n\t\t\t\t<\/div>\n\t\t\t\t\t\t<\/div>\n\t\t\t\t\t<\/div>\n\t\t<\/div>\n\t\t\t\t\t\t\t\t<\/div>\n\t\t\t\t\t<\/div>\n\t\t<\/section>\n\t\t\t\t<section class=\"elementor-section elementor-top-section elementor-element elementor-element-1c23f64c elementor-section-boxed elementor-section-height-default elementor-section-height-default\" data-id=\"1c23f64c\" data-element_type=\"section\" data-settings=\"{&quot;background_background&quot;:&quot;classic&quot;}\">\n\t\t\t\t\t\t<div class=\"elementor-container elementor-column-gap-default\">\n\t\t\t\t\t\t\t<div class=\"elementor-row\">\n\t\t\t\t\t<div class=\"elementor-column elementor-col-100 elementor-top-column elementor-element elementor-element-109f9520\" data-id=\"109f9520\" data-element_type=\"column\" data-settings=\"{&quot;background_background&quot;:&quot;classic&quot;}\">\n\t\t\t<div class=\"elementor-column-wrap elementor-element-populated\">\n\t\t\t\t\t\t\t<div class=\"elementor-widget-wrap\">\n\t\t\t\t\t\t<div class=\"elementor-element elementor-element-ccecaaf elementor-widget elementor-widget-heading\" data-id=\"ccecaaf\" data-element_type=\"widget\" data-widget_type=\"heading.default\">\n\t\t\t\t<div class=\"elementor-widget-container\">\n\t\t\t<p class=\"elementor-heading-title elementor-size-medium\">MON PETIT israel <br><br> l'importateur officiel de Babylange<\/p>\t\t<\/div>\n\t\t\t\t<\/div>\n\t\t\t\t<div class=\"elementor-element elementor-element-7acb3f87 elementor-widget elementor-widget-heading\" data-id=\"7acb3f87\" data-element_type=\"widget\" data-widget_type=\"heading.default\">\n\t\t\t\t<div class=\"elementor-widget-container\">\n\t\t\t<h2 class=\"elementor-heading-title elementor-size-default\">Envoie-nous un message<\/h2>\t\t<\/div>\n\t\t\t\t<\/div>\n\t\t\t\t<div class=\"elementor-element elementor-element-4f93875 elementor-widget elementor-widget-heading\" data-id=\"4f93875\" data-element_type=\"widget\" data-widget_type=\"heading.default\">\n\t\t\t\t<div class=\"elementor-widget-container\">\n\t\t\t<h3 class=\"elementor-heading-title elementor-size-default\">Comment pouvez-vous nous contacter?<\/h3>\t\t<\/div>\n\t\t\t\t<\/div>\n\t\t\t\t<div class=\"elementor-element elementor-element-3a65d4a5 elementor-widget elementor-widget-text-editor\" data-id=\"3a65d4a5\" data-element_type=\"widget\" data-widget_type=\"text-editor.default\">\n\t\t\t\t<div class=\"elementor-widget-container\">\n\t\t\t\t\t\t\t\t<div class=\"elementor-text-editor elementor-clearfix\">\n\t\t\t\t<p style=\"text-align: center;\"><strong>Email: <\/strong>info@monpetit.co.il<\/p><p style=\"text-align: center;\"><strong>Num\u00e9ro de t\u00e9l\u00e9phone :<\/strong> <br><span style=\"color: #333399;\"><a style=\"color: #333399;\" href=\"tel:0532440129\">053-2440-129<\/a>&nbsp; <strong>|<\/strong>&nbsp; <a style=\"color: #333399;\" href=\"tel:0524744779\">052-4744779<\/a><\/span><br>Notre service client est actif les jours : <br><strong>Dimanche &#8211; Jeudi<\/strong> de : <strong>9: 00-21: 00<\/strong> | <strong>Vendredi<\/strong> \u00e0 :<strong> 9:00-14:30<\/strong> | <strong>Samedi &#8211; ferm\u00e9<\/strong>.<br>Nous serons heureux d&#8217;entendre vos demandes et de vous aider!<\/p>\t\t\t\t\t<\/div>\n\t\t\t\t\t\t<\/div>\n\t\t\t\t<\/div>\n\t\t\t\t\t\t<\/div>\n\t\t\t\t\t<\/div>\n\t\t<\/div>\n\t\t\t\t\t\t\t\t<\/div>\n\t\t\t\t\t<\/div>\n\t\t<\/section>\n\t\t\t\t<section class=\"elementor-section elementor-top-section elementor-element elementor-element-d2cb15e elementor-section-boxed elementor-section-height-default elementor-section-height-default\" data-id=\"d2cb15e\" data-element_type=\"section\">\n\t\t\t\t\t\t<div class=\"elementor-container elementor-column-gap-default\">\n\t\t\t\t\t\t\t<div class=\"elementor-row\">\n\t\t\t\t\t<div class=\"elementor-column elementor-col-100 elementor-top-column elementor-element elementor-element-349fcc5\" data-id=\"349fcc5\" data-element_type=\"column\">\n\t\t\t<div class=\"elementor-column-wrap\">\n\t\t\t\t\t\t\t<div class=\"elementor-widget-wrap\">\n\t\t\t\t\t\t\t\t<\/div>\n\t\t\t\t\t<\/div>\n\t\t<\/div>\n\t\t\t\t\t\t\t\t<\/div>\n\t\t\t\t\t<\/div>\n\t\t<\/section>\n\t\t\t\t\t\t<\/div>\n\t\t\t\t\t\t<\/div>\n\t\t\t\t\t<\/div>\n\t\t","protected":false},"excerpt":{"rendered":"<p>MON PETIT israel l&#8217;importateur officiel de Babylange Envoie-nous un message Comment pouvez-vous nous contacter? Email: info@monpetit.co.il Num\u00e9ro de t\u00e9l\u00e9phone : 053-2440-129&nbsp; |&nbsp; 052-4744779Notre service client est actif les jours : Dimanche &#8211; Jeudi de : 9: 00-21: 00 | Vendredi \u00e0 : 9:00-14:30 | Samedi &#8211; ferm\u00e9.Nous serons heureux d&#8217;entendre vos demandes et de vous [&hellip;]<\/p>\n","protected":false},"author":1,"featured_media":0,"parent":0,"menu_order":0,"comment_status":"closed","ping_status":"closed","template":"","meta":[],"yoast_head":"<!-- This site is optimized with the Yoast SEO plugin v17.7.1 - https:\/\/yoast.com\/wordpress\/plugins\/seo\/ -->\n<title>Nous contacter | Mon Petit Israel<\/title>\n<meta name=\"description\" content=\"% %\" \/>\n<meta name=\"robots\" content=\"index, follow, max-snippet:-1, max-image-preview:large, max-video-preview:-1\" \/>\n<link rel=\"canonical\" href=\"https:\/\/monpetit.co.il\/fr\/nous-contacter\/\" \/>\n<meta property=\"og:locale\" content=\"fr_FR\" \/>\n<meta property=\"og:type\" content=\"article\" \/>\n<meta property=\"og:title\" content=\"Nous contacter | Mon Petit Israel\" \/>\n<meta property=\"og:description\" content=\"% %\" \/>\n<meta property=\"og:url\" content=\"https:\/\/monpetit.co.il\/fr\/nous-contacter\/\" \/>\n<meta property=\"og:site_name\" content=\"Mon Petit Israel\" \/>\n<meta property=\"article:publisher\" content=\"https:\/\/www.facebook.com\/babybagboutiqe\/\" \/>\n<meta property=\"article:modified_time\" content=\"2024-06-15T18:17:15+00:00\" \/>\n<meta name=\"twitter:card\" content=\"summary_large_image\" \/>\n<meta name=\"twitter:label1\" content=\"Dur\u00e9e de lecture estim\u00e9e\" \/>\n\t<meta name=\"twitter:data1\" content=\"1 minute\" \/>\n<script type=\"application\/ld+json\" class=\"yoast-schema-graph\">{\"@context\":\"https:\/\/schema.org\",\"@graph\":[{\"@type\":\"Organization\",\"@id\":\"https:\/\/monpetit.co.il\/fr\/#organization\",\"name\":\"Mon Petit - \\u05de\\u05d5\\u05df \\u05e4\\u05d8\\u05d9\\u05d8 \\u05d9\\u05e9\\u05e8\\u05d0\\u05dc\",\"url\":\"https:\/\/monpetit.co.il\/fr\/\",\"sameAs\":[\"https:\/\/www.facebook.com\/babybagboutiqe\/\"],\"logo\":{\"@type\":\"ImageObject\",\"@id\":\"https:\/\/monpetit.co.il\/fr\/#logo\",\"inLanguage\":\"fr-FR\",\"url\":\"\",\"contentUrl\":\"\",\"caption\":\"Mon Petit - \\u05de\\u05d5\\u05df \\u05e4\\u05d8\\u05d9\\u05d8 \\u05d9\\u05e9\\u05e8\\u05d0\\u05dc\"},\"image\":{\"@id\":\"https:\/\/monpetit.co.il\/fr\/#logo\"}},{\"@type\":\"WebSite\",\"@id\":\"https:\/\/monpetit.co.il\/fr\/#website\",\"url\":\"https:\/\/monpetit.co.il\/fr\/\",\"name\":\"Mon Petit Israel\",\"description\":\"Revendeur de babylange en Isra&euml;l\",\"publisher\":{\"@id\":\"https:\/\/monpetit.co.il\/fr\/#organization\"},\"potentialAction\":[{\"@type\":\"SearchAction\",\"target\":{\"@type\":\"EntryPoint\",\"urlTemplate\":\"https:\/\/monpetit.co.il\/fr\/?s={search_term_string}\"},\"query-input\":\"required name=search_term_string\"}],\"inLanguage\":\"fr-FR\"},{\"@type\":\"WebPage\",\"@id\":\"https:\/\/monpetit.co.il\/fr\/nous-contacter\/#webpage\",\"url\":\"https:\/\/monpetit.co.il\/fr\/nous-contacter\/\",\"name\":\"Nous contacter | Mon Petit Israel\",\"isPartOf\":{\"@id\":\"https:\/\/monpetit.co.il\/fr\/#website\"},\"datePublished\":\"2019-06-11T17:32:02+00:00\",\"dateModified\":\"2024-06-15T18:17:15+00:00\",\"description\":\"% %\",\"breadcrumb\":{\"@id\":\"https:\/\/monpetit.co.il\/fr\/nous-contacter\/#breadcrumb\"},\"inLanguage\":\"fr-FR\",\"potentialAction\":[{\"@type\":\"ReadAction\",\"target\":[\"https:\/\/monpetit.co.il\/fr\/nous-contacter\/\"]}]},{\"@type\":\"BreadcrumbList\",\"@id\":\"https:\/\/monpetit.co.il\/fr\/nous-contacter\/#breadcrumb\",\"itemListElement\":[{\"@type\":\"ListItem\",\"position\":1,\"name\":\"Home\",\"item\":\"https:\/\/monpetit.co.il\/fr\/\"},{\"@type\":\"ListItem\",\"position\":2,\"name\":\"Nous contacter\"}]}]}<\/script>\n<!-- \/ Yoast SEO plugin. -->","yoast_head_json":{"title":"Nous contacter | Mon Petit Israel","description":"% %","robots":{"index":"index","follow":"follow","max-snippet":"max-snippet:-1","max-image-preview":"max-image-preview:large","max-video-preview":"max-video-preview:-1"},"canonical":"https:\/\/monpetit.co.il\/fr\/nous-contacter\/","og_locale":"fr_FR","og_type":"article","og_title":"Nous contacter | Mon Petit Israel","og_description":"% %","og_url":"https:\/\/monpetit.co.il\/fr\/nous-contacter\/","og_site_name":"Mon Petit Israel","article_publisher":"https:\/\/www.facebook.com\/babybagboutiqe\/","article_modified_time":"2024-06-15T18:17:15+00:00","twitter_card":"summary_large_image","twitter_misc":{"Dur\u00e9e de lecture estim\u00e9e":"1 minute"},"schema":{"@context":"https:\/\/schema.org","@graph":[{"@type":"Organization","@id":"https:\/\/monpetit.co.il\/fr\/#organization","name":"Mon Petit - \u05de\u05d5\u05df \u05e4\u05d8\u05d9\u05d8 \u05d9\u05e9\u05e8\u05d0\u05dc","url":"https:\/\/monpetit.co.il\/fr\/","sameAs":["https:\/\/www.facebook.com\/babybagboutiqe\/"],"logo":{"@type":"ImageObject","@id":"https:\/\/monpetit.co.il\/fr\/#logo","inLanguage":"fr-FR","url":"","contentUrl":"","caption":"Mon Petit - \u05de\u05d5\u05df \u05e4\u05d8\u05d9\u05d8 \u05d9\u05e9\u05e8\u05d0\u05dc"},"image":{"@id":"https:\/\/monpetit.co.il\/fr\/#logo"}},{"@type":"WebSite","@id":"https:\/\/monpetit.co.il\/fr\/#website","url":"https:\/\/monpetit.co.il\/fr\/","name":"Mon Petit Israel","description":"Revendeur de babylange en Isra&euml;l","publisher":{"@id":"https:\/\/monpetit.co.il\/fr\/#organization"},"potentialAction":[{"@type":"SearchAction","target":{"@type":"EntryPoint","urlTemplate":"https:\/\/monpetit.co.il\/fr\/?s={search_term_string}"},"query-input":"required name=search_term_string"}],"inLanguage":"fr-FR"},{"@type":"WebPage","@id":"https:\/\/monpetit.co.il\/fr\/nous-contacter\/#webpage","url":"https:\/\/monpetit.co.il\/fr\/nous-contacter\/","name":"Nous contacter | Mon Petit Israel","isPartOf":{"@id":"https:\/\/monpetit.co.il\/fr\/#website"},"datePublished":"2019-06-11T17:32:02+00:00","dateModified":"2024-06-15T18:17:15+00:00","description":"% %","breadcrumb":{"@id":"https:\/\/monpetit.co.il\/fr\/nous-contacter\/#breadcrumb"},"inLanguage":"fr-FR","potentialAction":[{"@type":"ReadAction","target":["https:\/\/monpetit.co.il\/fr\/nous-contacter\/"]}]},{"@type":"BreadcrumbList","@id":"https:\/\/monpetit.co.il\/fr\/nous-contacter\/#breadcrumb","itemListElement":[{"@type":"ListItem","position":1,"name":"Home","item":"https:\/\/monpetit.co.il\/fr\/"},{"@type":"ListItem","position":2,"name":"Nous contacter"}]}]}},"_links":{"self":[{"href":"https:\/\/monpetit.co.il\/fr\/wp-json\/wp\/v2\/pages\/419"}],"collection":[{"href":"https:\/\/monpetit.co.il\/fr\/wp-json\/wp\/v2\/pages"}],"about":[{"href":"https:\/\/monpetit.co.il\/fr\/wp-json\/wp\/v2\/types\/page"}],"author":[{"embeddable":true,"href":"https:\/\/monpetit.co.il\/fr\/wp-json\/wp\/v2\/users\/1"}],"replies":[{"embeddable":true,"href":"https:\/\/monpetit.co.il\/fr\/wp-json\/wp\/v2\/comments?post=419"}],"version-history":[{"count":55,"href":"https:\/\/monpetit.co.il\/fr\/wp-json\/wp\/v2\/pages\/419\/revisions"}],"predecessor-version":[{"id":4234,"href":"https:\/\/monpetit.co.il\/fr\/wp-json\/wp\/v2\/pages\/419\/revisions\/4234"}],"wp:attachment":[{"href":"https:\/\/monpetit.co.il\/fr\/wp-json\/wp\/v2\/media?parent=419"}],"curies":[{"name":"wp","href":"https:\/\/api.w.org\/{rel}","templated":true}]}}